{"id":71,"date":"2025-06-30T13:04:43","date_gmt":"2025-06-30T17:04:43","guid":{"rendered":"https:\/\/vidameraki.cl\/arboldeluz\/?page_id=71"},"modified":"2025-08-13T20:49:56","modified_gmt":"2025-08-14T00:49:56","slug":"nosotros","status":"publish","type":"page","link":"https:\/\/vidameraki.cl\/arboldeluz\/nosotros\/","title":{"rendered":"Nosotros"},"content":{"rendered":"[vc_row type=\u00bbfull_width_background\u00bb full_screen_row_position=\u00bbmiddle\u00bb column_margin=\u00bbdefault\u00bb column_direction=\u00bbdefault\u00bb column_direction_tablet=\u00bbdefault\u00bb column_direction_phone=\u00bbdefault\u00bb bg_image=\u00bb38&#8243; bg_position=\u00bbcenter bottom\u00bb background_image_loading=\u00bbdefault\u00bb bg_repeat=\u00bbno-repeat\u00bb full_height=\u00bbyes\u00bb scene_position=\u00bbcenter\u00bb constrain_group_1=\u00bbyes\u00bb text_color=\u00bblight\u00bb text_align=\u00bbleft\u00bb row_border_radius=\u00bbnone\u00bb row_border_radius_applies=\u00bbbg\u00bb overflow=\u00bbvisible\u00bb overlay_strength=\u00bb0.3&#8243; gradient_direction=\u00bbtop_to_bottom\u00bb enable_shape_divider=\u00bbtrue\u00bb shape_divider_color=\u00bb#ffffff\u00bb shape_divider_position=\u00bbbottom\u00bb shape_divider_height=\u00bb150px\u00bb shape_divider_bring_to_front=\u00bbtrue\u00bb bg_image_animation=\u00bbnone\u00bb parallax_bg=\u00bbtrue\u00bb parallax_bg_speed=\u00bbfixed\u00bb gradient_type=\u00bbdefault\u00bb shape_type=\u00bbwaves\u00bb][vc_column column_padding=\u00bbno-extra-padding\u00bb column_padding_tablet=\u00bbinherit\u00bb column_padding_phone=\u00bbinherit\u00bb column_padding_position=\u00bball\u00bb column_element_direction_desktop=\u00bbdefault\u00bb column_element_spacing=\u00bbdefault\u00bb centered_text=\u00bbtrue\u00bb desktop_text_alignment=\u00bbdefault\u00bb tablet_text_alignment=\u00bbdefault\u00bb phone_text_alignment=\u00bbdefault\u00bb background_color_opacity=\u00bb1&#8243; background_hover_color_opacity=\u00bb1&#8243; column_backdrop_filter=\u00bbnone\u00bb column_shadow=\u00bbnone\u00bb column_border_radius=\u00bbnone\u00bb column_link_target=\u00bb_self\u00bb column_position=\u00bbdefault\u00bb gradient_direction=\u00bbleft_to_right\u00bb overlay_strength=\u00bb0.3&#8243; width=\u00bb1\/1&#8243; tablet_width_inherit=\u00bbdefault\u00bb animation_type=\u00bbdefault\u00bb bg_image_animation=\u00bbnone\u00bb border_type=\u00bbsimple\u00bb column_border_width=\u00bbnone\u00bb column_border_style=\u00bbsolid\u00bb column_padding_type=\u00bbdefault\u00bb gradient_type=\u00bbdefault\u00bb][nectar_responsive_text inherited_font_style=\u00bbh2&#8243; text_direction=\u00bbdefault\u00bb class_name=\u00bbadelia\u00bb font_size_desktop=\u00bb60px\u00bb font_line_height=\u00bb1.4em\u00bb]\n<p style=\"text-align: center;\">Nosotros<\/p>\n[\/nectar_responsive_text][divider line_type=\u00bbSmall Line\u00bb line_alignment=\u00bbcenter\u00bb line_thickness=\u00bb2&#8243; divider_color=\u00bbaccent-color\u00bb animate=\u00bbyes\u00bb custom_line_width=\u00bb200px\u00bb][\/vc_column][\/vc_row][vc_row type=\u00bbin_container\u00bb full_screen_row_position=\u00bbmiddle\u00bb column_margin=\u00bbdefault\u00bb equal_height=\u00bbyes\u00bb content_placement=\u00bbmiddle\u00bb column_direction=\u00bbdefault\u00bb column_direction_tablet=\u00bbdefault\u00bb column_direction_phone=\u00bbdefault\u00bb scene_position=\u00bbcenter\u00bb top_padding=\u00bb40px\u00bb constrain_group_1=\u00bbyes\u00bb bottom_padding=\u00bb40px\u00bb text_color=\u00bbdark\u00bb text_align=\u00bbleft\u00bb row_border_radius=\u00bbnone\u00bb row_border_radius_applies=\u00bbbg\u00bb overflow=\u00bbvisible\u00bb overlay_strength=\u00bb0.3&#8243; gradient_direction=\u00bbleft_to_right\u00bb shape_divider_position=\u00bbbottom\u00bb bg_image_animation=\u00bbnone\u00bb gradient_type=\u00bbdefault\u00bb shape_type=\u00bb\u00bb][vc_column column_padding=\u00bbno-extra-padding\u00bb column_padding_tablet=\u00bbinherit\u00bb column_padding_phone=\u00bbinherit\u00bb column_padding_position=\u00bball\u00bb column_element_direction_desktop=\u00bbdefault\u00bb column_element_spacing=\u00bbdefault\u00bb desktop_text_alignment=\u00bbdefault\u00bb tablet_text_alignment=\u00bbdefault\u00bb phone_text_alignment=\u00bbdefault\u00bb background_color_opacity=\u00bb1&#8243; background_hover_color_opacity=\u00bb1&#8243; column_backdrop_filter=\u00bbnone\u00bb column_shadow=\u00bbnone\u00bb column_border_radius=\u00bbnone\u00bb column_link_target=\u00bb_self\u00bb column_position=\u00bbdefault\u00bb gradient_direction=\u00bbleft_to_right\u00bb overlay_strength=\u00bb0.3&#8243; width=\u00bb1\/3&#8243; tablet_width_inherit=\u00bbdefault\u00bb animation_type=\u00bbdefault\u00bb bg_image_animation=\u00bbnone\u00bb border_type=\u00bbsimple\u00bb column_border_width=\u00bbnone\u00bb column_border_style=\u00bbsolid\u00bb][image_with_animation image_url=\u00bb230&#8243; image_size=\u00bblarge\u00bb max_width=\u00bbcustom\u00bb animation_type=\u00bbentrance\u00bb animation=\u00bbNone\u00bb animation_movement_type=\u00bbtransform_y\u00bb hover_animation=\u00bbnone\u00bb alignment=\u00bbcenter\u00bb border_radius=\u00bbnone\u00bb box_shadow=\u00bbnone\u00bb image_loading=\u00bbdefault\u00bb mask_enable=\u00bbtrue\u00bb mask_size=\u00bbcontain\u00bb max_width_custom=\u00bb350px\u00bb][\/vc_column][vc_column left_padding_desktop=\u00bb40px\u00bb left_padding_phone=\u00bb0&#8243; column_element_direction_desktop=\u00bbdefault\u00bb column_element_spacing=\u00bbdefault\u00bb desktop_text_alignment=\u00bbdefault\u00bb tablet_text_alignment=\u00bbdefault\u00bb phone_text_alignment=\u00bbdefault\u00bb background_color_opacity=\u00bb1&#8243; background_hover_color_opacity=\u00bb1&#8243; column_backdrop_filter=\u00bbnone\u00bb column_shadow=\u00bbnone\u00bb column_border_radius=\u00bbnone\u00bb column_link_target=\u00bb_self\u00bb column_position=\u00bbdefault\u00bb gradient_direction=\u00bbleft_to_right\u00bb overlay_strength=\u00bb0.3&#8243; width=\u00bb2\/3&#8243; tablet_width_inherit=\u00bbdefault\u00bb animation_type=\u00bbdefault\u00bb bg_image_animation=\u00bbnone\u00bb border_type=\u00bbsimple\u00bb column_border_width=\u00bbnone\u00bb column_border_style=\u00bbsolid\u00bb column_padding_type=\u00bbadvanced\u00bb gradient_type=\u00bbdefault\u00bb][nectar_responsive_text inherited_font_style=\u00bbh2&#8243; text_direction=\u00bbdefault\u00bb font_size_desktop=\u00bb36px\u00bb font_line_height=\u00bb1.4em\u00bb]\n<h2 style=\"text-align: left;\"><span class=\"adelia\" style=\"color: #748671;\">Meraki <\/span>Nace<\/h2>\n[\/nectar_responsive_text][vc_column_text css=\u00bb\u00bb text_direction=\u00bbdefault\u00bb]Todo comenz\u00f3 en plena pandemia, con la partida de un familiar muy querido y una condolencia\u00a0<em>virtual<\/em>\u00a0que me enviaron unas amigas en memoria de \u00e9l. Fue una \u00e9poca de muchas emociones, donde a pesar de la distancia pod\u00eda ver lo importante que era para todos sentir la presencia y contenci\u00f3n de personas que te rodean. Y as\u00ed fue como buscamos\u00a0<strong>\u201chacer algo con amor y creatividad, poniendo el alma en ello\u201d<\/strong>\u00a0tal como el significado de nuestro nombre\u00a0<strong>MERAKI<\/strong>, quer\u00edamos llegar a las personas con algo significativo y que perdurara por siempre.[\/vc_column_text][\/vc_column][\/vc_row][vc_row type=\u00bbfull_width_content\u00bb full_screen_row_position=\u00bbmiddle\u00bb column_margin=\u00bbdefault\u00bb column_direction=\u00bbdefault\u00bb column_direction_tablet=\u00bbdefault\u00bb column_direction_phone=\u00bbdefault\u00bb bg_color=\u00bb#bacc82&#8243; bg_image=\u00bb78&#8243; bg_position=\u00bbcenter center\u00bb background_image_loading=\u00bbdefault\u00bb bg_repeat=\u00bbno-repeat\u00bb scene_position=\u00bbcenter\u00bb top_padding=\u00bb120px\u00bb bottom_padding=\u00bb160px\u00bb text_color=\u00bblight\u00bb text_align=\u00bbleft\u00bb row_border_radius=\u00bbnone\u00bb row_border_radius_applies=\u00bbbg\u00bb overflow=\u00bbvisible\u00bb disable_element=\u00bbyes\u00bb color_overlay=\u00bb#000000&#8243; overlay_strength=\u00bb0.5&#8243; gradient_direction=\u00bbleft_to_right\u00bb enable_shape_divider=\u00bbtrue\u00bb shape_divider_position=\u00bbboth\u00bb shape_divider_height=\u00bb150px\u00bb bg_image_animation=\u00bbnone\u00bb parallax_bg=\u00bbtrue\u00bb parallax_bg_speed=\u00bbfixed\u00bb gradient_type=\u00bbdefault\u00bb shape_type=\u00bbwaves_opacity_alt\u00bb][vc_column column_padding=\u00bbno-extra-padding\u00bb column_padding_tablet=\u00bbinherit\u00bb column_padding_phone=\u00bbinherit\u00bb column_padding_position=\u00bball\u00bb column_element_direction_desktop=\u00bbdefault\u00bb column_element_spacing=\u00bbdefault\u00bb desktop_text_alignment=\u00bbdefault\u00bb tablet_text_alignment=\u00bbdefault\u00bb phone_text_alignment=\u00bbdefault\u00bb background_color_opacity=\u00bb1&#8243; background_hover_color_opacity=\u00bb1&#8243; column_backdrop_filter=\u00bbnone\u00bb column_shadow=\u00bbnone\u00bb column_border_radius=\u00bbnone\u00bb column_link_target=\u00bb_self\u00bb column_position=\u00bbdefault\u00bb gradient_direction=\u00bbleft_to_right\u00bb overlay_strength=\u00bb0.3&#8243; width=\u00bb1\/6&#8243; tablet_width_inherit=\u00bbdefault\u00bb animation_type=\u00bbdefault\u00bb bg_image_animation=\u00bbnone\u00bb border_type=\u00bbsimple\u00bb column_border_width=\u00bbnone\u00bb column_border_style=\u00bbsolid\u00bb][\/vc_column][vc_column column_padding=\u00bbno-extra-padding\u00bb column_padding_tablet=\u00bbinherit\u00bb column_padding_phone=\u00bbinherit\u00bb column_padding_position=\u00bball\u00bb column_element_direction_desktop=\u00bbdefault\u00bb column_element_spacing=\u00bbdefault\u00bb desktop_text_alignment=\u00bbdefault\u00bb tablet_text_alignment=\u00bbdefault\u00bb phone_text_alignment=\u00bbdefault\u00bb background_color_opacity=\u00bb1&#8243; background_hover_color_opacity=\u00bb1&#8243; column_backdrop_filter=\u00bbnone\u00bb column_shadow=\u00bbnone\u00bb column_border_radius=\u00bbnone\u00bb column_link_target=\u00bb_self\u00bb column_position=\u00bbdefault\u00bb gradient_direction=\u00bbleft_to_right\u00bb overlay_strength=\u00bb0.3&#8243; width=\u00bb2\/3&#8243; tablet_width_inherit=\u00bbdefault\u00bb animation_type=\u00bbdefault\u00bb bg_image_animation=\u00bbnone\u00bb border_type=\u00bbsimple\u00bb column_border_width=\u00bbnone\u00bb column_border_style=\u00bbsolid\u00bb][nectar_responsive_text inherited_font_style=\u00bbh2&#8243; text_direction=\u00bbdefault\u00bb font_size_desktop=\u00bb36px\u00bb font_line_height=\u00bb1.4em\u00bb]\n<h2 style=\"text-align: center;\"><span class=\"adelia\">Meraki<\/span> Somos<\/h2>\n[\/nectar_responsive_text][nectar_responsive_text inherited_font_style=\u00bbh4&#8243; text_direction=\u00bbdefault\u00bb font_size_desktop=\u00bb18px\u00bb font_line_height=\u00bb1.4em\u00bb]\n<p style=\"text-align: center;\">Somos dos amantes de la naturaleza que sentimos el profundo desaf\u00edo de aportar un granito de arena y crear un mundo m\u00e1s verde. Buscamos un concepto con sentido\u00a0<strong>\u201cregala naturaleza, luz y vida\u201d<\/strong>\u00a0porque queremos provocar un impacto en quien regala, quien recibe y en toda la sociedad, aportando a las personas y al medio ambiente. Nuestros verdes de Meraki, \u00e1rboles y plantas entregan esto y mucho m\u00e1s.<\/p>\n[\/nectar_responsive_text][\/vc_column][vc_column column_padding=\u00bbno-extra-padding\u00bb column_padding_tablet=\u00bbinherit\u00bb column_padding_phone=\u00bbinherit\u00bb column_padding_position=\u00bball\u00bb column_element_direction_desktop=\u00bbdefault\u00bb column_element_spacing=\u00bbdefault\u00bb desktop_text_alignment=\u00bbdefault\u00bb tablet_text_alignment=\u00bbdefault\u00bb phone_text_alignment=\u00bbdefault\u00bb background_color_opacity=\u00bb1&#8243; background_hover_color_opacity=\u00bb1&#8243; column_backdrop_filter=\u00bbnone\u00bb column_shadow=\u00bbnone\u00bb column_border_radius=\u00bbnone\u00bb column_link_target=\u00bb_self\u00bb column_position=\u00bbdefault\u00bb gradient_direction=\u00bbleft_to_right\u00bb overlay_strength=\u00bb0.3&#8243; width=\u00bb1\/6&#8243; tablet_width_inherit=\u00bbdefault\u00bb animation_type=\u00bbdefault\u00bb bg_image_animation=\u00bbnone\u00bb border_type=\u00bbsimple\u00bb column_border_width=\u00bbnone\u00bb column_border_style=\u00bbsolid\u00bb][\/vc_column][\/vc_row]\n","protected":false},"excerpt":{"rendered":"<p>[vc_row type=\u00bbfull_width_background\u00bb full_screen_row_position=\u00bbmiddle\u00bb column_margin=\u00bbdefault\u00bb column_direction=\u00bbdefault\u00bb column_direction_tablet=\u00bbdefault\u00bb column_direction_phone=\u00bbdefault\u00bb bg_image=\u00bb38&#8243; bg_position=\u00bbcenter bottom\u00bb background_image_loading=\u00bbdefault\u00bb bg_repeat=\u00bbno-repeat\u00bb full_height=\u00bbyes\u00bb scene_position=\u00bbcenter\u00bb constrain_group_1=\u00bbyes\u00bb text_color=\u00bblight\u00bb text_align=\u00bbleft\u00bb row_border_radius=\u00bbnone\u00bb row_border_radius_applies=\u00bbbg\u00bb overflow=\u00bbvisible\u00bb overlay_strength=\u00bb0.3&#8243; gradient_direction=\u00bbtop_to_bottom\u00bb enable_shape_divider=\u00bbtrue\u00bb shape_divider_color=\u00bb#ffffff\u00bb shape_divider_position=\u00bbbottom\u00bb shape_divider_height=\u00bb150px\u00bb shape_divider_bring_to_front=\u00bbtrue\u00bb bg_image_animation=\u00bbnone\u00bb parallax_bg=\u00bbtrue\u00bb parallax_bg_speed=\u00bbfixed\u00bb&#8230;<\/p>\n","protected":false},"author":1,"featured_media":0,"parent":0,"menu_order":0,"comment_status":"closed","ping_status":"closed","template":"","meta":{"_joinchat":[],"footnotes":""},"class_list":["post-71","page","type-page","status-publish"],"_links":{"self":[{"href":"https:\/\/vidameraki.cl\/arboldeluz\/wp-json\/wp\/v2\/pages\/71","targetHints":{"allow":["GET"]}}],"collection":[{"href":"https:\/\/vidameraki.cl\/arboldeluz\/wp-json\/wp\/v2\/pages"}],"about":[{"href":"https:\/\/vidameraki.cl\/arboldeluz\/wp-json\/wp\/v2\/types\/page"}],"author":[{"embeddable":true,"href":"https:\/\/vidameraki.cl\/arboldeluz\/wp-json\/wp\/v2\/users\/1"}],"replies":[{"embeddable":true,"href":"https:\/\/vidameraki.cl\/arboldeluz\/wp-json\/wp\/v2\/comments?post=71"}],"version-history":[{"count":14,"href":"https:\/\/vidameraki.cl\/arboldeluz\/wp-json\/wp\/v2\/pages\/71\/revisions"}],"predecessor-version":[{"id":407,"href":"https:\/\/vidameraki.cl\/arboldeluz\/wp-json\/wp\/v2\/pages\/71\/revisions\/407"}],"wp:attachment":[{"href":"https:\/\/vidameraki.cl\/arboldeluz\/wp-json\/wp\/v2\/media?parent=71"}],"curies":[{"name":"wp","href":"https:\/\/api.w.org\/{rel}","templated":true}]}}