{"id":111,"date":"2025-07-04T11:21:54","date_gmt":"2025-07-04T15:21:54","guid":{"rendered":"https:\/\/vidameraki.cl\/arboldeluz\/?post_type=product&#038;p=111"},"modified":"2025-08-25T11:27:48","modified_gmt":"2025-08-25T15:27:48","slug":"ficus-lyrata","status":"publish","type":"product","link":"https:\/\/vidameraki.cl\/arboldeluz\/planta\/ficus-lyrata\/","title":{"rendered":"Ficus Lyrata M"},"content":{"rendered":"<p><strong>\ud83e\udeb4 Lo que lo hace especial:<br \/>\n<\/strong>De tama\u00f1o peque\u00f1o, conserva toda la elegancia de sus hojas en forma de lira, pero en una versi\u00f3n m\u00e1s contenida y adaptable. Es ideal para repisas o rincones luminosos donde se busca un toque de vida sin ocupar demasiado espacio. Su presencia es delicada pero firme, como una nota suave que armoniza el entorno.<\/p>\n<p><strong>\u2728Mensaje que guarda:<br \/>\n<\/strong><em>\u201cHabito mi forma con orgullo\u201d. <\/em>El Ficus lyrata representa la expansi\u00f3n aut\u00e9ntica, la belleza que no se ajusta a moldes, y la fuerza que nace de ocupar el propio espacio. Sus hojas amplias y onduladas invitan a abrazar lo singular, lo imperfecto, lo propio. Es s\u00edmbolo de presencia, de crecimiento vertical, de conexi\u00f3n entre lo alto y lo profundo. Y en el Feng Shui es s\u00edmbolo de prosperidad.<\/p>\n<p><strong>\ud83c\udf3fOtros nombres que recibe:<br \/>\n<\/strong>Ficus lyrata \u2013 nombre cient\u00edfico-, Higuera hoja de viol\u00edn, Ficus lira, Ficus pandurata, \u00c1rbol de la armon\u00eda vertical. \ud83c\udf31 Nativo de \u00c1frica Occidental.<\/p>\n<p><strong>\ud83c\udf3e Cuidados que necesita:<br \/>\n<\/strong>\u2600\ufe0f Le gusta estar en lugares luminosos, pero sin sol directo.<br \/>\n\ud83d\udca7 Riego moderado, cada: 10 d\u00edas en invierno, 2-3 d\u00edas en verano<br \/>\n\ud83d\udebf Disfruta que pulvericen sus hojas.<br \/>\n\ud83c\udfe1 Interior, procurando las bajas temperaturas (ideal no bajo 14\u00b0).<\/p>\n<p>Regala naturaleza, luz y vida\u00a0\u2728\ud83c\udf31<\/p>\n","protected":false},"excerpt":{"rendered":"<p>\ud83e\udeb4 Lo que lo hace especial: De tama\u00f1o peque\u00f1o, conserva toda la elegancia de sus hojas en forma de lira, pero en una versi\u00f3n m\u00e1s contenida y adaptable. Es ideal&#8230;<\/p>\n","protected":false},"featured_media":112,"template":"","meta":{"_joinchat":[]},"product_brand":[],"product_cat":[40],"product_tag":[],"class_list":{"0":"post-111","1":"product","2":"type-product","3":"status-publish","4":"has-post-thumbnail","6":"product_cat-planta-m","7":"pa_agregar-tarjeta-agradecimientos","8":"pa_agregar-tarjeta-aniversarios","9":"pa_agregar-tarjeta-condolencias","10":"pa_agregar-tarjeta-cumpleanos","11":"pa_agregar-tarjeta-graduaciones","12":"pa_agregar-tarjeta-matrimonio","13":"pa_agregar-tarjeta-nacimientos","14":"pa_agregar-tarjeta-nuevo-hogar","15":"pa_agregar-tarjeta-plant-lovers","16":"pa_agregar-tarjeta-sin-tarjeta","18":"first","19":"instock","20":"sold-individually","21":"shipping-taxable","22":"purchasable","23":"product-type-variable","24":"has-default-attributes"},"_links":{"self":[{"href":"https:\/\/vidameraki.cl\/arboldeluz\/wp-json\/wp\/v2\/product\/111","targetHints":{"allow":["GET"]}}],"collection":[{"href":"https:\/\/vidameraki.cl\/arboldeluz\/wp-json\/wp\/v2\/product"}],"about":[{"href":"https:\/\/vidameraki.cl\/arboldeluz\/wp-json\/wp\/v2\/types\/product"}],"wp:featuredmedia":[{"embeddable":true,"href":"https:\/\/vidameraki.cl\/arboldeluz\/wp-json\/wp\/v2\/media\/112"}],"wp:attachment":[{"href":"https:\/\/vidameraki.cl\/arboldeluz\/wp-json\/wp\/v2\/media?parent=111"}],"wp:term":[{"taxonomy":"product_brand","embeddable":true,"href":"https:\/\/vidameraki.cl\/arboldeluz\/wp-json\/wp\/v2\/product_brand?post=111"},{"taxonomy":"product_cat","embeddable":true,"href":"https:\/\/vidameraki.cl\/arboldeluz\/wp-json\/wp\/v2\/product_cat?post=111"},{"taxonomy":"product_tag","embeddable":true,"href":"https:\/\/vidameraki.cl\/arboldeluz\/wp-json\/wp\/v2\/product_tag?post=111"}],"curies":[{"name":"wp","href":"https:\/\/api.w.org\/{rel}","templated":true}]}}