{"id":129,"date":"2025-07-04T16:22:24","date_gmt":"2025-07-04T20:22:24","guid":{"rendered":"https:\/\/vidameraki.cl\/arboldeluz\/?post_type=product&#038;p=129"},"modified":"2025-08-25T11:37:10","modified_gmt":"2025-08-25T15:37:10","slug":"schefflera","status":"publish","type":"product","link":"https:\/\/vidameraki.cl\/arboldeluz\/planta\/schefflera\/","title":{"rendered":"Schefflera M"},"content":{"rendered":"<p><strong>\ud83e\udeb4 Lo que la hace especial:<br \/>\n<\/strong>De follaje abundante y forma radial, la Schefflera parece extender sus hojas como una sombrilla vegetal, creando una silueta armoniosa y aireada. Es resistente, f\u00e1cil de cuidar, adaptable y purificadora del aire, lo que la convierte en una gran compa\u00f1era.<\/p>\n<p><strong>\u2728Mensaje que guarda:<br \/>\n<\/strong><em>\u201cExp\u00e1ndete con gracia\u201d. <\/em>La Schefflera invita a ocupar espacio sin invadir, a crecer sin perder la forma. Es s\u00edmbolo de equilibrio, protecci\u00f3n y vitalidad. Su forma radial sugiere apertura, conexi\u00f3n, y una energ\u00eda que se distribuye con suavidad. Es una planta que acompa\u00f1a procesos de expansi\u00f3n personal, sin perder el centro.<\/p>\n<p><strong><em>\u00a0<\/em>\ud83c\udf3fOtros nombres que recibe:<br \/>\n<\/strong>Schefflera Actinophylla -nombre cient\u00edfico -, Cheflera, \u00c1rbol paraguas, \u00c1rbol estrella, Planta de la armon\u00eda.<\/p>\n<p><strong>\ud83c\udf3e Cuidados que necesita:<br \/>\n<\/strong>\ud83c\udf1e Le gusta estar en lugares luminosos, incluso sol directo.<br \/>\n\ud83d\udca7 Riego moderado, cada: 7-10 d\u00edas en invierno y 2-3 d\u00edas en verano.<br \/>\n\ud83c\udfe0 Interior o exterior, ya que puede soportar bajas t\u00b0.<\/p>\n<p>Regala naturaleza, luz y vida\u00a0\u2728\ud83c\udf31<\/p>\n","protected":false},"excerpt":{"rendered":"<p>\ud83e\udeb4 Lo que la hace especial: De follaje abundante y forma radial, la Schefflera parece extender sus hojas como una sombrilla vegetal, creando una silueta armoniosa y aireada. Es resistente,&#8230;<\/p>\n","protected":false},"featured_media":469,"template":"","meta":{"_joinchat":[]},"product_brand":[],"product_cat":[40],"product_tag":[],"class_list":{"0":"post-129","1":"product","2":"type-product","3":"status-publish","4":"has-post-thumbnail","6":"product_cat-planta-m","7":"pa_agregar-tarjeta-agradecimientos","8":"pa_agregar-tarjeta-aniversarios","9":"pa_agregar-tarjeta-condolencias","10":"pa_agregar-tarjeta-cumpleanos","11":"pa_agregar-tarjeta-graduaciones","12":"pa_agregar-tarjeta-matrimonio","13":"pa_agregar-tarjeta-nacimientos","14":"pa_agregar-tarjeta-nuevo-hogar","15":"pa_agregar-tarjeta-plant-lovers","16":"pa_agregar-tarjeta-sin-tarjeta","18":"first","19":"instock","20":"shipping-taxable","21":"purchasable","22":"product-type-variable","23":"has-default-attributes"},"_links":{"self":[{"href":"https:\/\/vidameraki.cl\/arboldeluz\/wp-json\/wp\/v2\/product\/129","targetHints":{"allow":["GET"]}}],"collection":[{"href":"https:\/\/vidameraki.cl\/arboldeluz\/wp-json\/wp\/v2\/product"}],"about":[{"href":"https:\/\/vidameraki.cl\/arboldeluz\/wp-json\/wp\/v2\/types\/product"}],"wp:featuredmedia":[{"embeddable":true,"href":"https:\/\/vidameraki.cl\/arboldeluz\/wp-json\/wp\/v2\/media\/469"}],"wp:attachment":[{"href":"https:\/\/vidameraki.cl\/arboldeluz\/wp-json\/wp\/v2\/media?parent=129"}],"wp:term":[{"taxonomy":"product_brand","embeddable":true,"href":"https:\/\/vidameraki.cl\/arboldeluz\/wp-json\/wp\/v2\/product_brand?post=129"},{"taxonomy":"product_cat","embeddable":true,"href":"https:\/\/vidameraki.cl\/arboldeluz\/wp-json\/wp\/v2\/product_cat?post=129"},{"taxonomy":"product_tag","embeddable":true,"href":"https:\/\/vidameraki.cl\/arboldeluz\/wp-json\/wp\/v2\/product_tag?post=129"}],"curies":[{"name":"wp","href":"https:\/\/api.w.org\/{rel}","templated":true}]}}