{"id":132,"date":"2025-07-04T16:25:41","date_gmt":"2025-07-04T20:25:41","guid":{"rendered":"https:\/\/vidameraki.cl\/arboldeluz\/?post_type=product&#038;p=132"},"modified":"2025-08-25T11:04:06","modified_gmt":"2025-08-25T15:04:06","slug":"mini-orquidea","status":"publish","type":"product","link":"https:\/\/vidameraki.cl\/arboldeluz\/planta\/mini-orquidea\/","title":{"rendered":"Mini Orquidea + Macetero de vidrio"},"content":{"rendered":"<p><strong>\ud83e\udeb4 Lo que la hace especial:<br \/>\n<\/strong>Peque\u00f1a en tama\u00f1o, grande en elegancia. Sus flores parecen suspendidas en el aire, como si fueran suspiros de belleza. Es una planta que florece hasta tres veces al a\u00f1o, con paciencia y sensibilidad, y que invita a contemplar lo sutil.<\/p>\n<p><strong>\u2728Mensaje que guarda:<br \/>\n<\/strong><em>\u201cLa delicadeza tambi\u00e9n es fuerza\u201d. <\/em>La mini orqu\u00eddea nos recuerda que lo peque\u00f1o puede ser poderoso, que la belleza no necesita imponerse para transformar un espacio. Es s\u00edmbolo de elegancia, paciencia y amor sutil. Invita a cultivar lo que florece sin prisa, lo que embellece sin ruido.<\/p>\n<p><strong>\ud83c\udf3fOtros nombres que recibe:<br \/>\n<\/strong>Orchidaceae enana &#8211; nombre cient\u00edfico-, Orqu\u00eddea de interior, Orqu\u00eddea mariposa mini, orqu\u00eddea mariposa peque\u00f1a, Orqu\u00eddea de la armon\u00eda, Flor de la paciencia.<\/p>\n<p><strong>\ud83c\udf3e Cuidados que necesita:<br \/>\n<\/strong>\u2600\ufe0f Le gusta estar en lugares luminosos, pero sin sol directo.<br \/>\n\ud83d\udca7 Riego bajo, se recomienda no agua de la llave, ni fr\u00eda y cada: 15 &#8211; 20 d\u00edas en invierno y 7 d\u00edas en verano<br \/>\n\ud83c\udfe1 Interior, ideal un lugar h\u00famedo para que crezca fuerte y sana.<\/p>\n<p>Regala naturaleza, luz y vida \u2728\ud83c\udf31<\/p>\n","protected":false},"excerpt":{"rendered":"<p>[button color=\"accent-color\" hover_text_color_override=\"#fff\" size=\"medium\" url=\"https:\/\/wa.link\/a4xn54\" text=\"Consultar Disponibilidad\" color_override=\"\" open_new_tab=\"true\"]<br \/>\n<span style=\"color: #008000; font-size: 10pt;\"><em>*Consulte por disponibilidad\u00a0 antes de realizar la compra<\/em><\/span><\/p>\n","protected":false},"featured_media":135,"template":"","meta":{"_joinchat":{"message_text":"Consulte Disponibilidad!"}},"product_brand":[],"product_cat":[41],"product_tag":[],"class_list":{"0":"post-132","1":"product","2":"type-product","3":"status-publish","4":"has-post-thumbnail","6":"product_cat-planta-s","7":"pa_agregar-tarjeta-agradecimientos","8":"pa_agregar-tarjeta-aniversarios","9":"pa_agregar-tarjeta-condolencias","10":"pa_agregar-tarjeta-cumpleanos","11":"pa_agregar-tarjeta-graduaciones","12":"pa_agregar-tarjeta-matrimonio","13":"pa_agregar-tarjeta-nacimientos","14":"pa_agregar-tarjeta-nuevo-hogar","15":"pa_agregar-tarjeta-plant-lovers","16":"pa_agregar-tarjeta-sin-tarjeta","18":"first","19":"instock","20":"sold-individually","21":"shipping-taxable","22":"purchasable","23":"product-type-variable","24":"has-default-attributes"},"_links":{"self":[{"href":"https:\/\/vidameraki.cl\/arboldeluz\/wp-json\/wp\/v2\/product\/132","targetHints":{"allow":["GET"]}}],"collection":[{"href":"https:\/\/vidameraki.cl\/arboldeluz\/wp-json\/wp\/v2\/product"}],"about":[{"href":"https:\/\/vidameraki.cl\/arboldeluz\/wp-json\/wp\/v2\/types\/product"}],"wp:featuredmedia":[{"embeddable":true,"href":"https:\/\/vidameraki.cl\/arboldeluz\/wp-json\/wp\/v2\/media\/135"}],"wp:attachment":[{"href":"https:\/\/vidameraki.cl\/arboldeluz\/wp-json\/wp\/v2\/media?parent=132"}],"wp:term":[{"taxonomy":"product_brand","embeddable":true,"href":"https:\/\/vidameraki.cl\/arboldeluz\/wp-json\/wp\/v2\/product_brand?post=132"},{"taxonomy":"product_cat","embeddable":true,"href":"https:\/\/vidameraki.cl\/arboldeluz\/wp-json\/wp\/v2\/product_cat?post=132"},{"taxonomy":"product_tag","embeddable":true,"href":"https:\/\/vidameraki.cl\/arboldeluz\/wp-json\/wp\/v2\/product_tag?post=132"}],"curies":[{"name":"wp","href":"https:\/\/api.w.org\/{rel}","templated":true}]}}