{"id":218,"date":"2025-07-12T12:42:42","date_gmt":"2025-07-12T16:42:42","guid":{"rendered":"https:\/\/vidameraki.cl\/arboldeluz\/?post_type=product&#038;p=218"},"modified":"2025-08-25T11:27:53","modified_gmt":"2025-08-25T15:27:53","slug":"maiten","status":"publish","type":"product","link":"https:\/\/vidameraki.cl\/arboldeluz\/planta\/maiten\/","title":{"rendered":"Mait\u00e9n + saco de arpillera"},"content":{"rendered":"<p><strong>\ud83e\udeb4 Lo que lo hace especial:<br \/>\n<\/strong>Es un \u00e1rbol siempreverde, de copa amplia y ramas colgantes, nativo de Chile. Resiste la sequ\u00eda, crece r\u00e1pido, y sus semillas son ricas en aceites con propiedades antioxidantes. Sus hojas tienen usos medicinales: bajan la fiebre, alivian dolores, y ayudan a sanar la piel.<\/p>\n<p><strong>\u2728Mensaje que guarda:<br \/>\n<\/strong><em>\u201cSostengo sin ruido\u201d.<\/em> El mait\u00e9n representa la resiliencia silenciosa, la medicina que no se impone, el cuidado que brota desde lo cotidiano. Es \u00e1rbol de sombra, de memoria, de sanaci\u00f3n suave. Invita a confiar en los ritmos lentos y en la sabidur\u00eda de lo que no busca protagonismo.<\/p>\n<p><strong>\ud83c\udf3fOtros nombres que recibe:<br \/>\n<\/strong>Maytenus boaria &#8211; nombre cient\u00edfico -, Ma\u00fcgt\u00e9n (mapudungun), \u00c1rbol de la memoria, \u00c1rbol forrajero<\/p>\n<p><strong>\ud83c\udf3e Cuidados que necesita:<br \/>\n\u2600\ufe0f<\/strong>Le gusta mucho estar a pleno sol y se adapta a media sombra.<br \/>\n\ud83d\udca7Riego moderado, solo conservar su humedad<strong>.<\/strong><\/p>\n<p><strong>Nativo de Chile.<\/strong><\/p>\n<p>Regala naturaleza, luz y vida\u00a0\u2728\ud83c\udf31<\/p>\n","protected":false},"excerpt":{"rendered":"<p>\ud83e\udeb4 Lo que lo hace especial: Es un \u00e1rbol siempreverde, de copa amplia y ramas colgantes, nativo de Chile. Resiste la sequ\u00eda, crece r\u00e1pido, y sus semillas son ricas en&#8230;<\/p>\n","protected":false},"featured_media":219,"template":"","meta":{"_joinchat":[]},"product_brand":[],"product_cat":[39],"product_tag":[],"class_list":{"0":"post-218","1":"product","2":"type-product","3":"status-publish","4":"has-post-thumbnail","6":"product_cat-arbol","7":"product_shipping_class-arboles","8":"pa_agregar-tarjeta-agradecimientos","9":"pa_agregar-tarjeta-aniversarios","10":"pa_agregar-tarjeta-condolencias","11":"pa_agregar-tarjeta-cumpleanos","12":"pa_agregar-tarjeta-graduaciones","13":"pa_agregar-tarjeta-matrimonio","14":"pa_agregar-tarjeta-nacimientos","15":"pa_agregar-tarjeta-nuevo-hogar","16":"pa_agregar-tarjeta-plant-lovers","17":"pa_agregar-tarjeta-sin-tarjeta","19":"first","20":"instock","21":"shipping-taxable","22":"purchasable","23":"product-type-variable","24":"has-default-attributes"},"_links":{"self":[{"href":"https:\/\/vidameraki.cl\/arboldeluz\/wp-json\/wp\/v2\/product\/218","targetHints":{"allow":["GET"]}}],"collection":[{"href":"https:\/\/vidameraki.cl\/arboldeluz\/wp-json\/wp\/v2\/product"}],"about":[{"href":"https:\/\/vidameraki.cl\/arboldeluz\/wp-json\/wp\/v2\/types\/product"}],"wp:featuredmedia":[{"embeddable":true,"href":"https:\/\/vidameraki.cl\/arboldeluz\/wp-json\/wp\/v2\/media\/219"}],"wp:attachment":[{"href":"https:\/\/vidameraki.cl\/arboldeluz\/wp-json\/wp\/v2\/media?parent=218"}],"wp:term":[{"taxonomy":"product_brand","embeddable":true,"href":"https:\/\/vidameraki.cl\/arboldeluz\/wp-json\/wp\/v2\/product_brand?post=218"},{"taxonomy":"product_cat","embeddable":true,"href":"https:\/\/vidameraki.cl\/arboldeluz\/wp-json\/wp\/v2\/product_cat?post=218"},{"taxonomy":"product_tag","embeddable":true,"href":"https:\/\/vidameraki.cl\/arboldeluz\/wp-json\/wp\/v2\/product_tag?post=218"}],"curies":[{"name":"wp","href":"https:\/\/api.w.org\/{rel}","templated":true}]}}