{"id":322,"date":"2025-08-04T18:05:21","date_gmt":"2025-08-04T22:05:21","guid":{"rendered":"https:\/\/vidameraki.cl\/arboldeluz\/?post_type=product&#038;p=322"},"modified":"2025-08-25T11:05:29","modified_gmt":"2025-08-25T15:05:29","slug":"ficus-benjamina","status":"publish","type":"product","link":"https:\/\/vidameraki.cl\/arboldeluz\/planta\/ficus-benjamina\/","title":{"rendered":"Ficus Benjamina M"},"content":{"rendered":"<p><strong>\ud83e\udeb4 Lo que la hace especial:<br \/>\n<\/strong>Cl\u00e1sico y elegante. Sus ramas colgantes y hojas peque\u00f1as de verde intenso brillantes crean una atm\u00f3sfera de calma y frescura. Es una planta longeva, resistente y purificadora, que transforma el espacio con su presencia silenciosa.<\/p>\n<p><strong>\u2728Mensaje que guarda:<br \/>\n<\/strong><em>\u201cSostengo lo invisible\u201d.<\/em> Este \u00e1rbol simboliza estabilidad, crecimiento interior y conexi\u00f3n con lo esencial. Es s\u00edmbolo de resiliencia elegante, de crecimiento silencioso, de presencia que no necesita imponerse. Es ideal para acompa\u00f1ar procesos de cambio, momentos de introspecci\u00f3n o como gesto de honrar la memoria de un ser querido.<\/p>\n<p><strong>\ud83c\udf3fOtros nombres que recibe:<br \/>\n<\/strong>Ficus llor\u00f3n, Laurel de la India, \u00c1rbol del Caucho benjamina, Matapalo, Ficus com\u00fan.<\/p>\n<p>\ud83c\udf3e <strong>Cuidados que necesita:<\/strong><br \/>\n\u2600\ufe0f Le gusta estar en lugares luminosos, pero se adapta.<br \/>\n\ud83d\udca7 Riego moderado, cada: 10 d\u00edas en invierno, 3 d\u00edas en verano<strong data-start=\"252\" data-end=\"272\"><br \/>\n<\/strong>\ud83c\udfe1 Interior, evitando las corrientes de aire.<\/p>\n<p>Regala naturaleza, luz y vida \u2728\ud83c\udf31<\/p>\n","protected":false},"excerpt":{"rendered":"<p>\ud83e\udeb4 Lo que la hace especial: Cl\u00e1sico y elegante. Sus ramas colgantes y hojas peque\u00f1as de verde intenso brillantes crean una atm\u00f3sfera de calma y frescura. Es una planta longeva,&#8230;<\/p>\n","protected":false},"featured_media":439,"template":"","meta":{"_joinchat":[]},"product_brand":[],"product_cat":[40],"product_tag":[],"class_list":{"0":"post-322","1":"product","2":"type-product","3":"status-publish","4":"has-post-thumbnail","6":"product_cat-planta-m","7":"pa_agregar-tarjeta-agradecimientos","8":"pa_agregar-tarjeta-aniversarios","9":"pa_agregar-tarjeta-condolencias","10":"pa_agregar-tarjeta-cumpleanos","11":"pa_agregar-tarjeta-graduaciones","12":"pa_agregar-tarjeta-matrimonio","13":"pa_agregar-tarjeta-nacimientos","14":"pa_agregar-tarjeta-nuevo-hogar","15":"pa_agregar-tarjeta-plant-lovers","16":"pa_agregar-tarjeta-sin-tarjeta","18":"first","19":"instock","20":"shipping-taxable","21":"purchasable","22":"product-type-variable","23":"has-default-attributes"},"_links":{"self":[{"href":"https:\/\/vidameraki.cl\/arboldeluz\/wp-json\/wp\/v2\/product\/322","targetHints":{"allow":["GET"]}}],"collection":[{"href":"https:\/\/vidameraki.cl\/arboldeluz\/wp-json\/wp\/v2\/product"}],"about":[{"href":"https:\/\/vidameraki.cl\/arboldeluz\/wp-json\/wp\/v2\/types\/product"}],"wp:featuredmedia":[{"embeddable":true,"href":"https:\/\/vidameraki.cl\/arboldeluz\/wp-json\/wp\/v2\/media\/439"}],"wp:attachment":[{"href":"https:\/\/vidameraki.cl\/arboldeluz\/wp-json\/wp\/v2\/media?parent=322"}],"wp:term":[{"taxonomy":"product_brand","embeddable":true,"href":"https:\/\/vidameraki.cl\/arboldeluz\/wp-json\/wp\/v2\/product_brand?post=322"},{"taxonomy":"product_cat","embeddable":true,"href":"https:\/\/vidameraki.cl\/arboldeluz\/wp-json\/wp\/v2\/product_cat?post=322"},{"taxonomy":"product_tag","embeddable":true,"href":"https:\/\/vidameraki.cl\/arboldeluz\/wp-json\/wp\/v2\/product_tag?post=322"}],"curies":[{"name":"wp","href":"https:\/\/api.w.org\/{rel}","templated":true}]}}