{"id":329,"date":"2025-08-05T12:14:36","date_gmt":"2025-08-05T16:14:36","guid":{"rendered":"https:\/\/vidameraki.cl\/arboldeluz\/?post_type=product&#038;p=329"},"modified":"2025-08-25T11:32:08","modified_gmt":"2025-08-25T15:32:08","slug":"palmera-chamaedorea","status":"publish","type":"product","link":"https:\/\/vidameraki.cl\/arboldeluz\/planta\/palmera-chamaedorea\/","title":{"rendered":"Palmera Chamaedorea M"},"content":{"rendered":"<p><strong>\ud83e\udeb4 Lo que la hace especial:<br \/>\n<\/strong>Delicada, elegante y adaptable. Esta peque\u00f1a palmera originaria de \u00a0centroamerica tropical, crece lentamente y se siente c\u00f3moda en interiores con luz suave. Sus hojas finas y arqueadas aportan frescura y movimiento al espacio, creando una atm\u00f3sfera de calma tropical. Es resistente y f\u00e1cil de cuidar, purifica el aire, ideal para quienes buscan belleza sin complicaciones.<\/p>\n<p><strong>\u2728Mensaje que guarda:<br \/>\n<\/strong><em>\u201cAcompa\u00f1o sin imponer\u201d.<\/em> La Chamaedorea ense\u00f1a que no hace falta imponerse para embellecer un espacio. Crece en silencio, acompa\u00f1a sin invadir, y florece en condiciones suaves. Es s\u00edmbolo de armon\u00eda, adaptaci\u00f3n y belleza discreta. Invita a cultivar lo que se sostiene con gracia, sin prisa ni protagonismo.<\/p>\n<p><strong>\ud83c\udf3fOtros nombres que recibe:<br \/>\n<\/strong>Chamaedorea elegans &#8211; nombre cient\u00edfico -, Palmera de sal\u00f3n, Chamadorea, Pacaya, Tepejilote.<br \/>\n\ud83c\udf43Nativo de M\u00e9xico. (Chamaedorea Elegans)<\/p>\n<p><strong>\ud83c\udf3e Cuidados que necesita:<br \/>\n<\/strong>\ud83c\udf1eLe gusta estar en lugares luminosos, pero sin sol directo.<br \/>\n\ud83d\udca7Riego moderado, cada 10 d\u00edas en invierno y 3 d\u00edas en verano<br \/>\n\ud83c\udfe0Interior, busca un lugar especial para que crezca.<strong><br \/>\n<\/strong><\/p>\n<p>Regala naturaleza, luz y vida\u00a0\u2728\ud83c\udf31<\/p>\n","protected":false},"excerpt":{"rendered":"<p>\ud83e\udeb4 Lo que la hace especial: Delicada, elegante y adaptable. Esta peque\u00f1a palmera originaria de \u00a0centroamerica tropical, crece lentamente y se siente c\u00f3moda en interiores con luz suave. Sus hojas&#8230;<\/p>\n","protected":false},"featured_media":460,"template":"","meta":{"_joinchat":[]},"product_brand":[],"product_cat":[40],"product_tag":[],"class_list":{"0":"post-329","1":"product","2":"type-product","3":"status-publish","4":"has-post-thumbnail","6":"product_cat-planta-m","7":"pa_agregar-tarjeta-agradecimientos","8":"pa_agregar-tarjeta-aniversarios","9":"pa_agregar-tarjeta-condolencias","10":"pa_agregar-tarjeta-cumpleanos","11":"pa_agregar-tarjeta-graduaciones","12":"pa_agregar-tarjeta-matrimonio","13":"pa_agregar-tarjeta-nacimientos","14":"pa_agregar-tarjeta-nuevo-hogar","15":"pa_agregar-tarjeta-plant-lovers","16":"pa_agregar-tarjeta-sin-tarjeta","18":"first","19":"instock","20":"shipping-taxable","21":"purchasable","22":"product-type-variable","23":"has-default-attributes"},"_links":{"self":[{"href":"https:\/\/vidameraki.cl\/arboldeluz\/wp-json\/wp\/v2\/product\/329","targetHints":{"allow":["GET"]}}],"collection":[{"href":"https:\/\/vidameraki.cl\/arboldeluz\/wp-json\/wp\/v2\/product"}],"about":[{"href":"https:\/\/vidameraki.cl\/arboldeluz\/wp-json\/wp\/v2\/types\/product"}],"wp:featuredmedia":[{"embeddable":true,"href":"https:\/\/vidameraki.cl\/arboldeluz\/wp-json\/wp\/v2\/media\/460"}],"wp:attachment":[{"href":"https:\/\/vidameraki.cl\/arboldeluz\/wp-json\/wp\/v2\/media?parent=329"}],"wp:term":[{"taxonomy":"product_brand","embeddable":true,"href":"https:\/\/vidameraki.cl\/arboldeluz\/wp-json\/wp\/v2\/product_brand?post=329"},{"taxonomy":"product_cat","embeddable":true,"href":"https:\/\/vidameraki.cl\/arboldeluz\/wp-json\/wp\/v2\/product_cat?post=329"},{"taxonomy":"product_tag","embeddable":true,"href":"https:\/\/vidameraki.cl\/arboldeluz\/wp-json\/wp\/v2\/product_tag?post=329"}],"curies":[{"name":"wp","href":"https:\/\/api.w.org\/{rel}","templated":true}]}}