{"id":333,"date":"2025-08-05T12:21:12","date_gmt":"2025-08-05T16:21:12","guid":{"rendered":"https:\/\/vidameraki.cl\/arboldeluz\/?post_type=product&#038;p=333"},"modified":"2025-08-25T11:35:01","modified_gmt":"2025-08-25T15:35:01","slug":"philodendro-longifolio","status":"publish","type":"product","link":"https:\/\/vidameraki.cl\/arboldeluz\/planta\/philodendro-longifolio\/","title":{"rendered":"Philodendro Longifolio L"},"content":{"rendered":"<p><strong>\ud83e\udeb4 Lo que la hace especial:<br \/>\n<\/strong>Alargada, ondulante, susurrante. Sus hojas largas, estilizadas y profundamente verdes, evocan movimiento y fluidez. Originaria de Am\u00e9rica Central y del Sur, pertenece a la familia de las Ar\u00e1ceas. Es resistente, f\u00e1cil de cuidar, y se adapta bien a interiores con luz indirecta. Su crecimiento vigoroso y su porte elegante la convierten en una presencia que transforma el espacio sin imponerse.<\/p>\n<p><strong>\u2728Mensaje que guarda:<br \/>\n<\/strong>\u201cMe despliego sin prisa\u201d. El Philodendro longifolio representa la expansi\u00f3n suave, el crecimiento que no necesita protagonismo, y la belleza que se revela en lo cotidiano. Sus hojas largas y arqueadas invitan a habitar el cuerpo con gracia, a ocupar el espacio con calma, y a confiar en los ritmos propios. Es s\u00edmbolo de frescura, elegancia y adaptaci\u00f3n.<\/p>\n<p><strong>\ud83c\udf3fOtros nombres que recibe:<br \/>\n<\/strong>Philodendron longifolium \u2013 nombre cient\u00edfico-, Lucas, Filodendro hoja larga, Planta tropical interior, Elegancia verde. \ud83c\udf31 Nativo de la Selva de Asia.<\/p>\n<p><strong>\ud83c\udf3e Cuidados que necesita:<\/strong><br \/>\n\u2600\ufe0f Se adecua a lugares luminosos y semisombras, pero nunca sol directo.<br \/>\n\ud83d\udca7 Riego moderado, cada: 14 d\u00edas en invierno, 2-3 d\u00edas en verano<strong data-start=\"904\" data-end=\"926\"><br \/>\n<\/strong>\ud83d\udebf Disfruta pulvericen sus hojas.<br \/>\n\ud83c\udfe1 Interior o exterior, procurando las bajas T\u00b0 (nunca bajo 15\u00b0).<\/p>\n<p>Regala naturaleza, luz y vida\u00a0\u2728\ud83c\udf31<\/p>\n","protected":false},"excerpt":{"rendered":"<p>Macetero de fibra de vidrio imitaci\u00f3n ceramica<\/p>\n","protected":false},"featured_media":430,"template":"","meta":{"_joinchat":[]},"product_brand":[],"product_cat":[38],"product_tag":[],"class_list":{"0":"post-333","1":"product","2":"type-product","3":"status-publish","4":"has-post-thumbnail","6":"product_cat-planta-l","7":"pa_agregar-tarjeta-agradecimientos","8":"pa_agregar-tarjeta-aniversarios","9":"pa_agregar-tarjeta-condolencias","10":"pa_agregar-tarjeta-cumpleanos","11":"pa_agregar-tarjeta-graduaciones","12":"pa_agregar-tarjeta-matrimonio","13":"pa_agregar-tarjeta-nacimientos","14":"pa_agregar-tarjeta-nuevo-hogar","15":"pa_agregar-tarjeta-plant-lovers","16":"pa_agregar-tarjeta-sin-tarjeta","18":"first","19":"instock","20":"shipping-taxable","21":"purchasable","22":"product-type-variable","23":"has-default-attributes"},"_links":{"self":[{"href":"https:\/\/vidameraki.cl\/arboldeluz\/wp-json\/wp\/v2\/product\/333","targetHints":{"allow":["GET"]}}],"collection":[{"href":"https:\/\/vidameraki.cl\/arboldeluz\/wp-json\/wp\/v2\/product"}],"about":[{"href":"https:\/\/vidameraki.cl\/arboldeluz\/wp-json\/wp\/v2\/types\/product"}],"wp:featuredmedia":[{"embeddable":true,"href":"https:\/\/vidameraki.cl\/arboldeluz\/wp-json\/wp\/v2\/media\/430"}],"wp:attachment":[{"href":"https:\/\/vidameraki.cl\/arboldeluz\/wp-json\/wp\/v2\/media?parent=333"}],"wp:term":[{"taxonomy":"product_brand","embeddable":true,"href":"https:\/\/vidameraki.cl\/arboldeluz\/wp-json\/wp\/v2\/product_brand?post=333"},{"taxonomy":"product_cat","embeddable":true,"href":"https:\/\/vidameraki.cl\/arboldeluz\/wp-json\/wp\/v2\/product_cat?post=333"},{"taxonomy":"product_tag","embeddable":true,"href":"https:\/\/vidameraki.cl\/arboldeluz\/wp-json\/wp\/v2\/product_tag?post=333"}],"curies":[{"name":"wp","href":"https:\/\/api.w.org\/{rel}","templated":true}]}}