{"id":338,"date":"2025-08-05T14:29:42","date_gmt":"2025-08-05T18:29:42","guid":{"rendered":"https:\/\/vidameraki.cl\/arboldeluz\/?post_type=product&#038;p=338"},"modified":"2025-08-25T11:35:11","modified_gmt":"2025-08-25T15:35:11","slug":"peumo","status":"publish","type":"product","link":"https:\/\/vidameraki.cl\/arboldeluz\/planta\/peumo\/","title":{"rendered":"Peumo + saco de arpillera"},"content":{"rendered":"<p><strong>\ud83e\udeb4 Lo que lo hace especial:<br \/>\n<\/strong>Es un \u00e1rbol siempreverde, end\u00e9mico de Chile, que puede alcanzar hasta 20 metros de altura. Sus hojas son fragantes y sus frutos rojos, llamados tambi\u00e9n \u201cpeumos\u201d, son comestibles y medicinales. Florece entre noviembre y enero, y sus flores amarillas verdosas atraen a colibr\u00edes.<\/p>\n<p><strong>\u2728Mensaje que guarda:<br \/>\n<\/strong><em>\u201cLo dulce se revela con paciencia\u201d. <\/em>El peumo ense\u00f1a a esperar, a no apresurar lo que necesita tiempo para ablandarse. Su fruto, que debe dejarse en la boca unos minutos para liberar su dulzura, se convierte en met\u00e1fora de lo que madura en silencio. Es \u00e1rbol de medicina, de sombra, de memoria corporal.<em>\u00a0<\/em><\/p>\n<p><strong>\ud83c\udf3fOtros nombres que recibe:<\/strong><br \/>\nCryptocarya alba &#8211; nombre cient\u00edfico-, Pegu (en mapudung\u00fan), \u00c1rbol del bosque escler\u00f3filo<\/p>\n<p><strong>\ud83c\udf3e Cuidados que necesita:<br \/>\n<\/strong>\u2600\ufe0fLe gusta mucho estar a pleno sol.<br \/>\n\ud83d\udca7Riego de poco a mediano, solo conservar humedad.<\/p>\n<p><strong>\ud83c\udf3fNativo de Chile.<\/strong><\/p>\n<p>Regala naturaleza, luz y vida\u00a0\u2728\ud83c\udf31<\/p>\n","protected":false},"excerpt":{"rendered":"<p>\ud83e\udeb4 Lo que lo hace especial: Es un \u00e1rbol siempreverde, end\u00e9mico de Chile, que puede alcanzar hasta 20 metros de altura. Sus hojas son fragantes y sus frutos rojos, llamados&#8230;<\/p>\n","protected":false},"featured_media":436,"template":"","meta":{"_joinchat":[]},"product_brand":[],"product_cat":[39],"product_tag":[],"class_list":{"0":"post-338","1":"product","2":"type-product","3":"status-publish","4":"has-post-thumbnail","6":"product_cat-arbol","7":"pa_agregar-tarjeta-agradecimientos","8":"pa_agregar-tarjeta-aniversarios","9":"pa_agregar-tarjeta-condolencias","10":"pa_agregar-tarjeta-cumpleanos","11":"pa_agregar-tarjeta-graduaciones","12":"pa_agregar-tarjeta-matrimonio","13":"pa_agregar-tarjeta-nacimientos","14":"pa_agregar-tarjeta-nuevo-hogar","15":"pa_agregar-tarjeta-plant-lovers","16":"pa_agregar-tarjeta-sin-tarjeta","18":"first","19":"instock","20":"shipping-taxable","21":"purchasable","22":"product-type-variable","23":"has-default-attributes"},"_links":{"self":[{"href":"https:\/\/vidameraki.cl\/arboldeluz\/wp-json\/wp\/v2\/product\/338","targetHints":{"allow":["GET"]}}],"collection":[{"href":"https:\/\/vidameraki.cl\/arboldeluz\/wp-json\/wp\/v2\/product"}],"about":[{"href":"https:\/\/vidameraki.cl\/arboldeluz\/wp-json\/wp\/v2\/types\/product"}],"wp:featuredmedia":[{"embeddable":true,"href":"https:\/\/vidameraki.cl\/arboldeluz\/wp-json\/wp\/v2\/media\/436"}],"wp:attachment":[{"href":"https:\/\/vidameraki.cl\/arboldeluz\/wp-json\/wp\/v2\/media?parent=338"}],"wp:term":[{"taxonomy":"product_brand","embeddable":true,"href":"https:\/\/vidameraki.cl\/arboldeluz\/wp-json\/wp\/v2\/product_brand?post=338"},{"taxonomy":"product_cat","embeddable":true,"href":"https:\/\/vidameraki.cl\/arboldeluz\/wp-json\/wp\/v2\/product_cat?post=338"},{"taxonomy":"product_tag","embeddable":true,"href":"https:\/\/vidameraki.cl\/arboldeluz\/wp-json\/wp\/v2\/product_tag?post=338"}],"curies":[{"name":"wp","href":"https:\/\/api.w.org\/{rel}","templated":true}]}}