{"id":43,"date":"2025-06-10T17:36:55","date_gmt":"2025-06-10T21:36:55","guid":{"rendered":"https:\/\/vidameraki.cl\/arboldeluz\/?post_type=product&#038;p=43"},"modified":"2025-08-25T11:38:29","modified_gmt":"2025-08-25T15:38:29","slug":"arbol-jade","status":"publish","type":"product","link":"https:\/\/vidameraki.cl\/arboldeluz\/planta\/arbol-jade\/","title":{"rendered":"Arbol Jade M"},"content":{"rendered":"<p>\ud83e\udeb4<strong> Lo que lo hace especial:<\/strong><br \/>\nEs una suculenta resistente, de hojas carnosas que almacenan agua\u2014s\u00edmbolo de abundancia en tiempos dif\u00edciles. Requiere pocos cuidados, pero responde con belleza y longevidad cuando se la atiende con cari\u00f1o. Puede florecer si se cultiva con paciencia, lo que se considera un signo de buena fortuna.<\/p>\n<p><strong>\u2728Mensaje que guarda:<br \/>\n<\/strong><em>\u201cQue la abundancia te encuentre en lo que cuidas.\u201d <\/em>El \u00e1rbol de jade representa la armon\u00eda entre cielo y tierra, la prosperidad que nace del v\u00ednculo, y la energ\u00eda positiva que se cultiva con presencia. Regalarlo es desear longevidad, \u00e9xito y felicidad compartida. Tambi\u00e9n guarda el mensaje de que la riqueza no es solo material, sino emocional, relacional y espiritual.<em>\u00a0<\/em><\/p>\n<p><strong>\ud83c\udf3fOtros nombres que recibe:<br \/>\n<\/strong>Crassula ovata &#8211; nombre cient\u00edfico-, \u00c1rbol del dinero, \u00c1rbol de la abundancia, \u00c1rbol de la amistad, Planta de la buena suerte, Jade plant.<\/p>\n<p><strong>\ud83c\udf3e Cuidados que necesita:<br \/>\n<\/strong>\ud83c\udf1e Le gusta estar en lugares luminosos, pero sin sol directo.<br \/>\n\ud83d\udca7 Riego bajo, sin mojar sus hojas, cada: 15 d\u00edas en verano, 25 d\u00edas en invierno.<br \/>\n\ud83c\udfe1 De preferencia en interior, ya que es ah\u00ed donde disfruta m\u00e1s.<strong><br \/>\n<\/strong><\/p>\n<p>Regala naturaleza, luz y vida\u00a0\u2728\ud83c\udf31<\/p>\n","protected":false},"excerpt":{"rendered":"<p>\ud83e\udeb4 Lo que lo hace especial: Es una suculenta resistente, de hojas carnosas que almacenan agua\u2014s\u00edmbolo de abundancia en tiempos dif\u00edciles. Requiere pocos cuidados, pero responde con belleza y longevidad&#8230;<\/p>\n","protected":false},"featured_media":44,"template":"","meta":{"_joinchat":[]},"product_brand":[],"product_cat":[40],"product_tag":[],"class_list":{"0":"post-43","1":"product","2":"type-product","3":"status-publish","4":"has-post-thumbnail","6":"product_cat-planta-m","7":"pa_agregar-tarjeta-agradecimientos","8":"pa_agregar-tarjeta-aniversarios","9":"pa_agregar-tarjeta-condolencias","10":"pa_agregar-tarjeta-cumpleanos","11":"pa_agregar-tarjeta-graduaciones","12":"pa_agregar-tarjeta-matrimonio","13":"pa_agregar-tarjeta-nacimientos","14":"pa_agregar-tarjeta-nuevo-hogar","15":"pa_agregar-tarjeta-plant-lovers","16":"pa_agregar-tarjeta-sin-tarjeta","18":"first","19":"instock","20":"sold-individually","21":"shipping-taxable","22":"purchasable","23":"product-type-variable","24":"has-default-attributes"},"_links":{"self":[{"href":"https:\/\/vidameraki.cl\/arboldeluz\/wp-json\/wp\/v2\/product\/43","targetHints":{"allow":["GET"]}}],"collection":[{"href":"https:\/\/vidameraki.cl\/arboldeluz\/wp-json\/wp\/v2\/product"}],"about":[{"href":"https:\/\/vidameraki.cl\/arboldeluz\/wp-json\/wp\/v2\/types\/product"}],"wp:featuredmedia":[{"embeddable":true,"href":"https:\/\/vidameraki.cl\/arboldeluz\/wp-json\/wp\/v2\/media\/44"}],"wp:attachment":[{"href":"https:\/\/vidameraki.cl\/arboldeluz\/wp-json\/wp\/v2\/media?parent=43"}],"wp:term":[{"taxonomy":"product_brand","embeddable":true,"href":"https:\/\/vidameraki.cl\/arboldeluz\/wp-json\/wp\/v2\/product_brand?post=43"},{"taxonomy":"product_cat","embeddable":true,"href":"https:\/\/vidameraki.cl\/arboldeluz\/wp-json\/wp\/v2\/product_cat?post=43"},{"taxonomy":"product_tag","embeddable":true,"href":"https:\/\/vidameraki.cl\/arboldeluz\/wp-json\/wp\/v2\/product_tag?post=43"}],"curies":[{"name":"wp","href":"https:\/\/api.w.org\/{rel}","templated":true}]}}