{"id":440,"date":"2025-08-19T15:49:45","date_gmt":"2025-08-19T19:49:45","guid":{"rendered":"https:\/\/vidameraki.cl\/arboldeluz\/?post_type=product&#038;p=440"},"modified":"2025-08-25T11:34:43","modified_gmt":"2025-08-25T15:34:43","slug":"sanseviera","status":"publish","type":"product","link":"https:\/\/vidameraki.cl\/arboldeluz\/planta\/sanseviera\/","title":{"rendered":"Sanseviera M"},"content":{"rendered":"<p><strong>\ud83e\udeb4 Lo que la hace especial:<br \/>\n<\/strong>Compacta, resistente y elegante, ideal para interiores. Purifica el aire, libera ox\u00edgeno durante la noche, y requiere muy poco cuidado. Su forma vertical transmite fuerza y claridad. Es perfecta para escritorios, rincones de meditaci\u00f3n o como gesto de protecci\u00f3n energ\u00e9tica. Es una compa\u00f1era que respira en calma.<\/p>\n<p><strong>\u2728Mensaje que guarda:<br \/>\n<\/strong><em>\u201cEstoy aqu\u00ed, firme y silenciosa\u201d. <\/em>La mini sansevieria representa la resiliencia discreta, la claridad que no necesita imponerse, y la energ\u00eda que se sostiene sin esfuerzo. Es s\u00edmbolo de protecci\u00f3n, limpieza energ\u00e9tica y presencia estable. Invita a confiar en lo que se mantiene firme incluso en espacios peque\u00f1os. Cu\u00eddala muy bien, te dar\u00e1 un respiro siempre que lo necesites.<\/p>\n<p><strong>\ud83c\udf3fOtros nombres que recibe:<br \/>\n<\/strong>Sanseviera Trifasciata \u2013 nombre cient\u00edfico-, Lengua de Suegra, Lengua de Tigre, Lengua de Serpiente, Cola de Serpiente, Espada de San Jorge.<\/p>\n<p><strong>\ud83c\udf3e Cuidados que necesita:<br \/>\n<\/strong>\ud83c\udf1e Le gusta estar en lugares muy luminosos, pero sin sol directo.<br \/>\n\ud83d\udca7 Riego bajo, cada 14 d\u00edas en invierno 7 d\u00edas en verano.<br \/>\n\ud83c\udfe0 Interior, busca un lugar especial para que crezca.<strong><br \/>\n<\/strong><\/p>\n<p>Regala naturaleza, luz y vida\u00a0\u2728\ud83c\udf31<\/p>\n","protected":false},"excerpt":{"rendered":"<p>\ud83e\udeb4 Lo que la hace especial: Compacta, resistente y elegante, ideal para interiores. Purifica el aire, libera ox\u00edgeno durante la noche, y requiere muy poco cuidado. Su forma vertical transmite&#8230;<\/p>\n","protected":false},"featured_media":437,"template":"","meta":{"_joinchat":[]},"product_brand":[],"product_cat":[40],"product_tag":[],"class_list":{"0":"post-440","1":"product","2":"type-product","3":"status-publish","4":"has-post-thumbnail","6":"product_cat-planta-m","7":"pa_agregar-tarjeta-agradecimientos","8":"pa_agregar-tarjeta-aniversarios","9":"pa_agregar-tarjeta-condolencias","10":"pa_agregar-tarjeta-cumpleanos","11":"pa_agregar-tarjeta-graduaciones","12":"pa_agregar-tarjeta-matrimonio","13":"pa_agregar-tarjeta-nacimientos","14":"pa_agregar-tarjeta-nuevo-hogar","15":"pa_agregar-tarjeta-plant-lovers","16":"pa_agregar-tarjeta-sin-tarjeta","18":"first","19":"instock","20":"sold-individually","21":"shipping-taxable","22":"purchasable","23":"product-type-variable","24":"has-default-attributes"},"_links":{"self":[{"href":"https:\/\/vidameraki.cl\/arboldeluz\/wp-json\/wp\/v2\/product\/440","targetHints":{"allow":["GET"]}}],"collection":[{"href":"https:\/\/vidameraki.cl\/arboldeluz\/wp-json\/wp\/v2\/product"}],"about":[{"href":"https:\/\/vidameraki.cl\/arboldeluz\/wp-json\/wp\/v2\/types\/product"}],"wp:featuredmedia":[{"embeddable":true,"href":"https:\/\/vidameraki.cl\/arboldeluz\/wp-json\/wp\/v2\/media\/437"}],"wp:attachment":[{"href":"https:\/\/vidameraki.cl\/arboldeluz\/wp-json\/wp\/v2\/media?parent=440"}],"wp:term":[{"taxonomy":"product_brand","embeddable":true,"href":"https:\/\/vidameraki.cl\/arboldeluz\/wp-json\/wp\/v2\/product_brand?post=440"},{"taxonomy":"product_cat","embeddable":true,"href":"https:\/\/vidameraki.cl\/arboldeluz\/wp-json\/wp\/v2\/product_cat?post=440"},{"taxonomy":"product_tag","embeddable":true,"href":"https:\/\/vidameraki.cl\/arboldeluz\/wp-json\/wp\/v2\/product_tag?post=440"}],"curies":[{"name":"wp","href":"https:\/\/api.w.org\/{rel}","templated":true}]}}