{"id":462,"date":"2025-08-20T08:28:51","date_gmt":"2025-08-20T12:28:51","guid":{"rendered":"https:\/\/vidameraki.cl\/arboldeluz\/?post_type=product&#038;p=462"},"modified":"2025-08-25T11:39:18","modified_gmt":"2025-08-25T15:39:18","slug":"monstera-deliciosa-l","status":"publish","type":"product","link":"https:\/\/vidameraki.cl\/arboldeluz\/planta\/monstera-deliciosa-l\/","title":{"rendered":"Monstera Deliciosa L"},"content":{"rendered":"<p><strong>\ud83e\udeb4 Lo que la hace especial:<br \/>\n<\/strong>Exuberante, tropical y profundamente expresiva. Sus hojas grandes, perforadas y brillantes, evocan mapas de vida y expansi\u00f3n. Es una planta resistente, de crecimiento generoso, que transforma cualquier espacio con su presencia vibrante y elegante. Sus ra\u00edces a\u00e9reas buscan soporte, lo que la convierte en s\u00edmbolo de crecimiento guiado.<\/p>\n<p><strong>\u2728Mensaje que guarda:<br \/>\n<\/strong><em>\u201cLa belleza tambi\u00e9n habita en lo incompleto\u201d. <\/em>La Monstera deliciosa nos recuerda que lo que parece roto o perforado puede ser profundamente arm\u00f3nico. Sus hojas rasgadas son una adaptaci\u00f3n a la luz y al viento, una forma de sobrevivir con elegancia. Es s\u00edmbolo de expansi\u00f3n, de sombra f\u00e9rtil, de crecimiento que no necesita simetr\u00eda para ser poderoso.<\/p>\n<p><strong>\ud83c\udf3fOtros nombres que recibe:<br \/>\n<\/strong>Crassula ovata \u00a0&#8211; nombre cient\u00edfico- , Costilla de Ad\u00e1n, Cerim\u00e1n, Monstera, Planta del silencio tropical.<\/p>\n<p><strong>\ud83c\udf3e Cuidados que necesita:<\/strong><br \/>\n\ud83c\udf1eLe gusta estar en lugares muy luminosos, pero sin sol directo.<br \/>\n\ud83d\udca7Riego moderado, cada 7 d\u00edas en invierno y 2-3 d\u00edas en verano<br \/>\n\ud83c\udfe0Interior, busca un lugar especial para que crezca.<\/p>\n<p>\ud83c\udf43Nativo de Selvas Tropicales de America Central. (Philodendro Monstera)<\/p>\n<p>Regala naturaleza, luz y vida\u00a0\u2728\ud83c\udf31<\/p>\n","protected":false},"excerpt":{"rendered":"<p>Macetero de fibra de vidrio imitaci\u00f3n cer\u00e1mica<\/p>\n","protected":false},"featured_media":142,"template":"","meta":{"_joinchat":[]},"product_brand":[],"product_cat":[38],"product_tag":[],"class_list":{"0":"post-462","1":"product","2":"type-product","3":"status-publish","4":"has-post-thumbnail","6":"product_cat-planta-l","7":"pa_agregar-tarjeta-agradecimientos","8":"pa_agregar-tarjeta-aniversarios","9":"pa_agregar-tarjeta-condolencias","10":"pa_agregar-tarjeta-cumpleanos","11":"pa_agregar-tarjeta-graduaciones","12":"pa_agregar-tarjeta-matrimonio","13":"pa_agregar-tarjeta-nacimientos","14":"pa_agregar-tarjeta-nuevo-hogar","15":"pa_agregar-tarjeta-plant-lovers","16":"pa_agregar-tarjeta-sin-tarjeta","18":"first","19":"instock","20":"shipping-taxable","21":"purchasable","22":"product-type-variable","23":"has-default-attributes"},"_links":{"self":[{"href":"https:\/\/vidameraki.cl\/arboldeluz\/wp-json\/wp\/v2\/product\/462","targetHints":{"allow":["GET"]}}],"collection":[{"href":"https:\/\/vidameraki.cl\/arboldeluz\/wp-json\/wp\/v2\/product"}],"about":[{"href":"https:\/\/vidameraki.cl\/arboldeluz\/wp-json\/wp\/v2\/types\/product"}],"wp:featuredmedia":[{"embeddable":true,"href":"https:\/\/vidameraki.cl\/arboldeluz\/wp-json\/wp\/v2\/media\/142"}],"wp:attachment":[{"href":"https:\/\/vidameraki.cl\/arboldeluz\/wp-json\/wp\/v2\/media?parent=462"}],"wp:term":[{"taxonomy":"product_brand","embeddable":true,"href":"https:\/\/vidameraki.cl\/arboldeluz\/wp-json\/wp\/v2\/product_brand?post=462"},{"taxonomy":"product_cat","embeddable":true,"href":"https:\/\/vidameraki.cl\/arboldeluz\/wp-json\/wp\/v2\/product_cat?post=462"},{"taxonomy":"product_tag","embeddable":true,"href":"https:\/\/vidameraki.cl\/arboldeluz\/wp-json\/wp\/v2\/product_tag?post=462"}],"curies":[{"name":"wp","href":"https:\/\/api.w.org\/{rel}","templated":true}]}}